{"id":6488,"date":"2020-10-29T06:36:02","date_gmt":"2020-10-29T06:36:02","guid":{"rendered":"https:\/\/frutura.com\/about-us\/frischevorsprung\/logistikzentrum\/"},"modified":"2021-02-01T06:34:47","modified_gmt":"2021-02-01T06:34:47","slug":"frutura-headquarters","status":"publish","type":"page","link":"https:\/\/frutura.com\/en\/about-us\/freshness-edge\/frutura-headquarters\/","title":{"rendered":"Frutura Headquarters"},"content":{"rendered":"","protected":false},"excerpt":{"rendered":"","protected":false},"author":3,"featured_media":0,"parent":6472,"menu_order":0,"comment_status":"closed","ping_status":"closed","template":"","meta":[],"acf":[],"yoast_head":"<!-- This site is optimized with the Yoast SEO plugin v17.6 - https:\/\/yoast.com\/wordpress\/plugins\/seo\/ -->\n<title>Frutura Headquarters \u2013 Frutura<\/title>\n<meta name=\"description\" content=\"Das Frutura Headquarter? Hier treffen Reiferei, Qualit\u00e4tskontrolle &amp; Logistik aufeinander, um eine gro\u00dfe Auswahl an Obst &amp; Gem\u00fcse zu sichern.\" \/>\n<meta name=\"robots\" content=\"index, follow, max-snippet:-1, max-image-preview:large, max-video-preview:-1\" \/>\n<link rel=\"canonical\" href=\"https:\/\/frutura.com\/en\/about-us\/freshness-edge\/frutura-headquarters\/\" \/>\n<meta property=\"og:locale\" content=\"en_US\" \/>\n<meta property=\"og:type\" content=\"article\" \/>\n<meta property=\"og:title\" content=\"Frutura Headquarters \u2013 Frutura\" \/>\n<meta property=\"og:description\" content=\"Das Frutura Headquarter? Hier treffen Reiferei, Qualit\u00e4tskontrolle &amp; Logistik aufeinander, um eine gro\u00dfe Auswahl an Obst &amp; Gem\u00fcse zu sichern.\" \/>\n<meta property=\"og:url\" content=\"https:\/\/frutura.com\/en\/about-us\/freshness-edge\/frutura-headquarters\/\" \/>\n<meta property=\"og:site_name\" content=\"Frutura\" \/>\n<meta property=\"article:modified_time\" content=\"2021-02-01T06:34:47+00:00\" \/>\n<meta name=\"twitter:card\" content=\"summary_large_image\" \/>\n<script type=\"application\/ld+json\" class=\"yoast-schema-graph\">{\"@context\":\"https:\/\/schema.org\",\"@graph\":[{\"@type\":\"WebSite\",\"@id\":\"https:\/\/frutura.com\/#website\",\"url\":\"https:\/\/frutura.com\/\",\"name\":\"Frutura\",\"description\":\"Fruits &amp; Vegetables Competence Center GmbH\",\"potentialAction\":[{\"@type\":\"SearchAction\",\"target\":{\"@type\":\"EntryPoint\",\"urlTemplate\":\"https:\/\/frutura.com\/?s={search_term_string}\"},\"query-input\":\"required name=search_term_string\"}],\"inLanguage\":\"en-US\"},{\"@type\":\"WebPage\",\"@id\":\"https:\/\/frutura.com\/en\/about-us\/freshness-edge\/frutura-headquarters\/#webpage\",\"url\":\"https:\/\/frutura.com\/en\/about-us\/freshness-edge\/frutura-headquarters\/\",\"name\":\"Frutura Headquarters \\u2013 Frutura\",\"isPartOf\":{\"@id\":\"https:\/\/frutura.com\/#website\"},\"datePublished\":\"2020-10-29T06:36:02+00:00\",\"dateModified\":\"2021-02-01T06:34:47+00:00\",\"description\":\"Das Frutura Headquarter? Hier treffen Reiferei, Qualit\\u00e4tskontrolle & Logistik aufeinander, um eine gro\\u00dfe Auswahl an Obst & Gem\\u00fcse zu sichern.\",\"breadcrumb\":{\"@id\":\"https:\/\/frutura.com\/en\/about-us\/freshness-edge\/frutura-headquarters\/#breadcrumb\"},\"inLanguage\":\"en-US\",\"potentialAction\":[{\"@type\":\"ReadAction\",\"target\":[\"https:\/\/frutura.com\/en\/about-us\/freshness-edge\/frutura-headquarters\/\"]}]},{\"@type\":\"BreadcrumbList\",\"@id\":\"https:\/\/frutura.com\/en\/about-us\/freshness-edge\/frutura-headquarters\/#breadcrumb\",\"itemListElement\":[{\"@type\":\"ListItem\",\"position\":1,\"name\":\"Home\",\"item\":\"https:\/\/frutura.com\/en\/\"},{\"@type\":\"ListItem\",\"position\":2,\"name\":\"About Us\",\"item\":\"https:\/\/frutura.com\/en\/about-us\/\"},{\"@type\":\"ListItem\",\"position\":3,\"name\":\"Freshness edge\",\"item\":\"https:\/\/frutura.com\/en\/about-us\/freshness-edge\/\"},{\"@type\":\"ListItem\",\"position\":4,\"name\":\"Frutura Headquarters\"}]}]}<\/script>\n<!-- \/ Yoast SEO plugin. -->","yoast_head_json":{"title":"Frutura Headquarters \u2013 Frutura","description":"Das Frutura Headquarter? Hier treffen Reiferei, Qualit\u00e4tskontrolle & Logistik aufeinander, um eine gro\u00dfe Auswahl an Obst & Gem\u00fcse zu sichern.","robots":{"index":"index","follow":"follow","max-snippet":"max-snippet:-1","max-image-preview":"max-image-preview:large","max-video-preview":"max-video-preview:-1"},"canonical":"https:\/\/frutura.com\/en\/about-us\/freshness-edge\/frutura-headquarters\/","og_locale":"en_US","og_type":"article","og_title":"Frutura Headquarters \u2013 Frutura","og_description":"Das Frutura Headquarter? Hier treffen Reiferei, Qualit\u00e4tskontrolle & Logistik aufeinander, um eine gro\u00dfe Auswahl an Obst & Gem\u00fcse zu sichern.","og_url":"https:\/\/frutura.com\/en\/about-us\/freshness-edge\/frutura-headquarters\/","og_site_name":"Frutura","article_modified_time":"2021-02-01T06:34:47+00:00","twitter_card":"summary_large_image","schema":{"@context":"https:\/\/schema.org","@graph":[{"@type":"WebSite","@id":"https:\/\/frutura.com\/#website","url":"https:\/\/frutura.com\/","name":"Frutura","description":"Fruits &amp; Vegetables Competence Center GmbH","potentialAction":[{"@type":"SearchAction","target":{"@type":"EntryPoint","urlTemplate":"https:\/\/frutura.com\/?s={search_term_string}"},"query-input":"required name=search_term_string"}],"inLanguage":"en-US"},{"@type":"WebPage","@id":"https:\/\/frutura.com\/en\/about-us\/freshness-edge\/frutura-headquarters\/#webpage","url":"https:\/\/frutura.com\/en\/about-us\/freshness-edge\/frutura-headquarters\/","name":"Frutura Headquarters \u2013 Frutura","isPartOf":{"@id":"https:\/\/frutura.com\/#website"},"datePublished":"2020-10-29T06:36:02+00:00","dateModified":"2021-02-01T06:34:47+00:00","description":"Das Frutura Headquarter? Hier treffen Reiferei, Qualit\u00e4tskontrolle & Logistik aufeinander, um eine gro\u00dfe Auswahl an Obst & Gem\u00fcse zu sichern.","breadcrumb":{"@id":"https:\/\/frutura.com\/en\/about-us\/freshness-edge\/frutura-headquarters\/#breadcrumb"},"inLanguage":"en-US","potentialAction":[{"@type":"ReadAction","target":["https:\/\/frutura.com\/en\/about-us\/freshness-edge\/frutura-headquarters\/"]}]},{"@type":"BreadcrumbList","@id":"https:\/\/frutura.com\/en\/about-us\/freshness-edge\/frutura-headquarters\/#breadcrumb","itemListElement":[{"@type":"ListItem","position":1,"name":"Home","item":"https:\/\/frutura.com\/en\/"},{"@type":"ListItem","position":2,"name":"About Us","item":"https:\/\/frutura.com\/en\/about-us\/"},{"@type":"ListItem","position":3,"name":"Freshness edge","item":"https:\/\/frutura.com\/en\/about-us\/freshness-edge\/"},{"@type":"ListItem","position":4,"name":"Frutura Headquarters"}]}]}},"_links":{"self":[{"href":"https:\/\/frutura.com\/en\/wp-json\/wp\/v2\/pages\/6488"}],"collection":[{"href":"https:\/\/frutura.com\/en\/wp-json\/wp\/v2\/pages"}],"about":[{"href":"https:\/\/frutura.com\/en\/wp-json\/wp\/v2\/types\/page"}],"author":[{"embeddable":true,"href":"https:\/\/frutura.com\/en\/wp-json\/wp\/v2\/users\/3"}],"replies":[{"embeddable":true,"href":"https:\/\/frutura.com\/en\/wp-json\/wp\/v2\/comments?post=6488"}],"version-history":[{"count":6,"href":"https:\/\/frutura.com\/en\/wp-json\/wp\/v2\/pages\/6488\/revisions"}],"predecessor-version":[{"id":7277,"href":"https:\/\/frutura.com\/en\/wp-json\/wp\/v2\/pages\/6488\/revisions\/7277"}],"up":[{"embeddable":true,"href":"https:\/\/frutura.com\/en\/wp-json\/wp\/v2\/pages\/6472"}],"wp:attachment":[{"href":"https:\/\/frutura.com\/en\/wp-json\/wp\/v2\/media?parent=6488"}],"curies":[{"name":"wp","href":"https:\/\/api.w.org\/{rel}","templated":true}]}}